{"id":70,"date":"2025-02-16T19:02:45","date_gmt":"2025-02-16T19:02:45","guid":{"rendered":"https:\/\/ramtechstore.com\/?page_id=70"},"modified":"2025-02-23T14:57:38","modified_gmt":"2025-02-23T14:57:38","slug":"contact","status":"publish","type":"page","link":"https:\/\/ramtechstore.com\/?page_id=70","title":{"rendered":"Contact"},"content":{"rendered":"<p><iframe loading=\"lazy\"\n\t\t\t\t\tsrc=\"https:\/\/maps.google.com\/maps?q=Okullar%20Yolu%20Sk%2081%5CA%2C%20K%C3%BC%C3%A7%C3%BCk%20Kaymakl%C4%B1%200101&#038;t=m&#038;z=10&#038;output=embed&#038;iwloc=near\"\n\t\t\t\t\ttitle=\"Okullar Yolu Sk 81A, K\u00fc\u00e7\u00fck Kaymakl\u0131 0101\"\n\t\t\t\t\taria-label=\"Okullar Yolu Sk 81A, K\u00fc\u00e7\u00fck Kaymakl\u0131 0101\"\n\t\t\t><\/iframe><\/p>\n<h2>Contact Us!<\/h2>\n<ul>\n<li>\n\t\t\t\t\t\t\t\t\t\t\t<a href=\"https:\/\/www.google.com\/maps\/place\/RamTech+advanced+technology\/@35.1915136,33.3665766,17z\/data=!3m1!4b1!4m6!3m5!1s0x14de17669afd1ddd:0x6b9bbfaaf6159590!8m2!3d35.1915136!4d33.3665766!16s%2Fg%2F11pb0hlbcg?hl=en&#038;entry=ttu&#038;g_ep=EgoyMDI0MDkyNC4wIKXMDSoASAFQAw%3D%3D\"><br \/>\n\t\t\t\t\t\t\t<svg aria-hidden=\"true\" viewBox=\"0 0 384 512\" xmlns=\"http:\/\/www.w3.org\/2000\/svg\"><path d=\"M172.268 501.67C26.97 291.031 0 269.413 0 192 0 85.961 85.961 0 192 0s192 85.961 192 192c0 77.413-26.97 99.031-172.268 309.67-9.535 13.774-29.93 13.773-39.464 0zM192 272c44.183 0 80-35.817 80-80s-35.817-80-80-80-80 35.817-80 80 35.817 80 80 80z\"><\/path><\/svg><br \/>\n\t\t\t\t\t\t\t\t\t\tOkullar Yolu Sk 81A, K\u00fc\u00e7\u00fck Kaymakl\u0131 0101<br \/>\n\t\t\t\t\t\t\t\t\t\t\t<\/a>\n\t\t\t\t\t\t\t\t\t<\/li>\n<li>\n\t\t\t\t\t\t\t\t\t\t\t<a href=\"https:\/\/api.whatsapp.com\/send?phone=905338671788\"><br \/>\n\t\t\t\t\t\t\t<svg aria-hidden=\"true\" viewBox=\"0 0 320 512\" xmlns=\"http:\/\/www.w3.org\/2000\/svg\"><path d=\"M272 0H48C21.5 0 0 21.5 0 48v416c0 26.5 21.5 48 48 48h224c26.5 0 48-21.5 48-48V48c0-26.5-21.5-48-48-48zM160 480c-17.7 0-32-14.3-32-32s14.3-32 32-32 32 14.3 32 32-14.3 32-32 32zm112-108c0 6.6-5.4 12-12 12H60c-6.6 0-12-5.4-12-12V60c0-6.6 5.4-12 12-12h200c6.6 0 12 5.4 12 12v312z\"><\/path><\/svg><br \/>\n\t\t\t\t\t\t\t\t\t\t+90 533 867 17 88<br \/>\n\t\t\t\t\t\t\t\t\t\t\t<\/a>\n\t\t\t\t\t\t\t\t\t<\/li>\n<li>\n\t\t\t\t\t\t\t\t\t\t\t<a href=\"\"><br \/>\n\t\t\t\t\t\t\t<svg aria-hidden=\"true\" viewBox=\"0 0 512 512\" xmlns=\"http:\/\/www.w3.org\/2000\/svg\"><path d=\"M176 216h160c8.84 0 16-7.16 16-16v-16c0-8.84-7.16-16-16-16H176c-8.84 0-16 7.16-16 16v16c0 8.84 7.16 16 16 16zm-16 80c0 8.84 7.16 16 16 16h160c8.84 0 16-7.16 16-16v-16c0-8.84-7.16-16-16-16H176c-8.84 0-16 7.16-16 16v16zm96 121.13c-16.42 0-32.84-5.06-46.86-15.19L0 250.86V464c0 26.51 21.49 48 48 48h416c26.51 0 48-21.49 48-48V250.86L302.86 401.94c-14.02 10.12-30.44 15.19-46.86 15.19zm237.61-254.18c-8.85-6.94-17.24-13.47-29.61-22.81V96c0-26.51-21.49-48-48-48h-77.55c-3.04-2.2-5.87-4.26-9.04-6.56C312.6 29.17 279.2-.35 256 0c-23.2-.35-56.59 29.17-73.41 41.44-3.17 2.3-6 4.36-9.04 6.56H96c-26.51 0-48 21.49-48 48v44.14c-12.37 9.33-20.76 15.87-29.61 22.81A47.995 47.995 0 0 0 0 200.72v10.65l96 69.35V96h320v184.72l96-69.35v-10.65c0-14.74-6.78-28.67-18.39-37.77z\"><\/path><\/svg><br \/>\n\t\t\t\t\t\t\t\t\t\tinfo@ramtechstore.com<br \/>\n\t\t\t\t\t\t\t\t\t\t\t<\/a>\n\t\t\t\t\t\t\t\t\t<\/li>\n<\/ul>\n","protected":false},"excerpt":{"rendered":"<p>Contact Us! Okullar Yolu Sk 81A, K\u00fc\u00e7\u00fck Kaymakl\u0131 0101 +90 533 867 17 88 info@ramtechstore.com<\/p>\n","protected":false},"author":1,"featured_media":0,"parent":0,"menu_order":0,"comment_status":"closed","ping_status":"closed","template":"","meta":{"footnotes":""},"class_list":["post-70","page","type-page","status-publish","hentry"],"_links":{"self":[{"href":"https:\/\/ramtechstore.com\/index.php?rest_route=\/wp\/v2\/pages\/70","targetHints":{"allow":["GET"]}}],"collection":[{"href":"https:\/\/ramtechstore.com\/index.php?rest_route=\/wp\/v2\/pages"}],"about":[{"href":"https:\/\/ramtechstore.com\/index.php?rest_route=\/wp\/v2\/types\/page"}],"author":[{"embeddable":true,"href":"https:\/\/ramtechstore.com\/index.php?rest_route=\/wp\/v2\/users\/1"}],"replies":[{"embeddable":true,"href":"https:\/\/ramtechstore.com\/index.php?rest_route=%2Fwp%2Fv2%2Fcomments&post=70"}],"version-history":[{"count":10,"href":"https:\/\/ramtechstore.com\/index.php?rest_route=\/wp\/v2\/pages\/70\/revisions"}],"predecessor-version":[{"id":22830,"href":"https:\/\/ramtechstore.com\/index.php?rest_route=\/wp\/v2\/pages\/70\/revisions\/22830"}],"wp:attachment":[{"href":"https:\/\/ramtechstore.com\/index.php?rest_route=%2Fwp%2Fv2%2Fmedia&parent=70"}],"curies":[{"name":"wp","href":"https:\/\/api.w.org\/{rel}","templated":true}]}}